{"id":5275,"date":"2014-05-24T13:51:08","date_gmt":"2014-05-24T13:51:08","guid":{"rendered":"http:\/\/wpresidence.net\/?page_id=9"},"modified":"2014-05-24T13:51:08","modified_gmt":"2014-05-24T13:51:08","slug":"terms-of-user","status":"publish","type":"page","link":"https:\/\/bindrealestate.com\/al\/terms-of-user\/","title":{"rendered":"Kushtet e P\u00ebrdorimit"},"content":{"rendered":"<p>Kjo Politik\u00eb e Privat\u00ebsis\u00eb rregullon m\u00ebnyr\u00ebn n\u00eb t\u00eb cil\u00ebn Tema e WordPress Real Estate mbledh, p\u00ebrdor, ruan dhe zbulon informacionin e mbledhur nga p\u00ebrdoruesit (secili, nj\u00eb &quot;P\u00ebrdorues&quot;) i faqes s\u00eb internetit (&quot;Sajti&quot;). Kjo politik\u00eb e privat\u00ebsis\u00eb zbatohet p\u00ebr faqen dhe t\u00eb gjitha produktet dhe sh\u00ebrbimet e ofruara nga Real Estate WordPress Theme.<\/p>\n<p><b>Informacion personal identifikimi<\/b><\/p>\n<p>Ne mund t\u00eb mbledhim informacion personal identifikimi nga P\u00ebrdoruesit n\u00eb m\u00ebnyra t\u00eb ndryshme n\u00eb lidhje me aktivitetet, sh\u00ebrbimet, ve\u00e7orit\u00eb ose burimet q\u00eb i v\u00ebm\u00eb n\u00eb dispozicion n\u00eb faqen ton\u00eb. P\u00ebrdoruesit mund t\u00eb vizitojn\u00eb faqen ton\u00eb n\u00eb m\u00ebnyr\u00eb anonime. Ne do t\u00eb mbledhim informacion personal identifikimi nga P\u00ebrdoruesit vet\u00ebm n\u00ebse ata na e paraqesin vullnetarisht nj\u00eb informacion t\u00eb till\u00eb. P\u00ebrdoruesit mund t\u00eb refuzojn\u00eb gjithmon\u00eb t\u00eb japin informacion personal identifikimi, p\u00ebrve\u00e7 se kjo mund t&#039;i pengoj\u00eb ata t\u00eb p\u00ebrfshihen n\u00eb aktivitete t\u00eb caktuara q\u00eb lidhen me Faqen.<\/p>\n<p><b>Informacion identifikimi jo-personal<\/b><\/p>\n<p>Ne mund t\u00eb mbledhim informacione identifikimi jo-personale p\u00ebr P\u00ebrdoruesit sa her\u00eb q\u00eb ata nd\u00ebrveprojn\u00eb me faqen ton\u00eb. Informacioni i identifikimit jo-personal mund t\u00eb p\u00ebrfshij\u00eb emrin e shfletuesit, llojin e kompjuterit dhe informacionin teknik n\u00eb lidhje me mjetet e lidhjes s\u00eb P\u00ebrdoruesve me faqen ton\u00eb, t\u00eb tilla si sistemi operativ dhe ofruesit e sh\u00ebrbimeve t\u00eb internetit t\u00eb p\u00ebrdorura dhe informacione t\u00eb tjera t\u00eb ngjashme.<\/p>\n<p><b>Kukit e shfletuesit t\u00eb internetit<\/b><\/p>\n<p>Faqja jon\u00eb mund t\u00eb p\u00ebrdor\u00eb &quot;cookies&quot; p\u00ebr t\u00eb p\u00ebrmir\u00ebsuar p\u00ebrvoj\u00ebn e p\u00ebrdoruesit. Shfletuesi i internetit i p\u00ebrdoruesit vendos kuki n\u00eb hard diskun e tyre p\u00ebr q\u00ebllime t\u00eb mbajtjes s\u00eb t\u00eb dh\u00ebnave dhe ndonj\u00ebher\u00eb p\u00ebr t\u00eb gjurmuar informacionin rreth tyre. P\u00ebrdoruesi mund t\u00eb zgjedh\u00eb t\u00eb caktoj\u00eb shfletuesin e tij t\u00eb internetit q\u00eb t\u00eb refuzoj\u00eb skedar\u00ebt e skedar\u00ebve ose t&#039;ju njoftoj\u00eb kur d\u00ebrgohen skedar\u00eb skedar\u00ebsh. N\u00ebse e b\u00ebjn\u00eb k\u00ebt\u00eb, kini parasysh se disa pjes\u00eb t\u00eb sajtit mund t\u00eb mos funksionojn\u00eb si\u00e7 duhet.<\/p>\n<p><b>Si e mbrojm\u00eb informacionin tuaj<\/b><\/p>\n<p>Ne miratojm\u00eb praktikat e duhura t\u00eb mbledhjes, ruajtjes dhe p\u00ebrpunimit t\u00eb t\u00eb dh\u00ebnave dhe masat e siguris\u00eb p\u00ebr t&#039;u mbrojtur nga aksesi, ndryshimi, zbulimi ose shkat\u00ebrrimi i paautorizuar i informacionit tuaj personal, emrit t\u00eb p\u00ebrdoruesit, fjal\u00ebkalimit, informacionit t\u00eb transaksionit dhe t\u00eb dh\u00ebnave t\u00eb ruajtura n\u00eb faqen ton\u00eb.<\/p>\n<p><b>Ndarja e informacionit tuaj personal<\/b><\/p>\n<p>Ne nuk shesim, tregtojm\u00eb ose japim me qira informacionin personal t\u00eb identifikimit t\u00eb p\u00ebrdoruesve tek t\u00eb tjer\u00ebt. Ne mund t\u00eb ndajm\u00eb informacion t\u00eb p\u00ebrgjithsh\u00ebm demografik t\u00eb grumbulluar q\u00eb nuk lidhet me ndonj\u00eb informacion personal identifikimi n\u00eb lidhje me vizitor\u00ebt dhe p\u00ebrdoruesit me partner\u00ebt tan\u00eb t\u00eb biznesit, bashk\u00ebpun\u00ebtor\u00ebt e besuar dhe reklamuesit p\u00ebr q\u00ebllimet e p\u00ebrshkruara m\u00eb sip\u00ebr.<\/p>\n<p><b>Ndryshime n\u00eb k\u00ebt\u00eb politik\u00eb t\u00eb privat\u00ebsis\u00eb<\/b><\/p>\n<p>Real Estate WordPress Theme ka diskrecionin p\u00ebr t\u00eb p\u00ebrdit\u00ebsuar k\u00ebt\u00eb politik\u00eb t\u00eb privat\u00ebsis\u00eb n\u00eb \u00e7do koh\u00eb. Kur ta b\u00ebjm\u00eb k\u00ebt\u00eb, ne do t\u00eb rishikojm\u00eb dat\u00ebn e p\u00ebrdit\u00ebsuar n\u00eb fund t\u00eb k\u00ebsaj faqeje. Ne inkurajojm\u00eb p\u00ebrdoruesit q\u00eb ta kontrollojn\u00eb shpesh k\u00ebt\u00eb faqe p\u00ebr \u00e7do ndryshim p\u00ebr t\u00eb q\u00ebndruar t\u00eb informuar se si po ndihmojm\u00eb n\u00eb mbrojtjen e informacionit personal q\u00eb mbledhim. Ju e pranoni dhe pranoni se \u00ebsht\u00eb p\u00ebrgjegj\u00ebsia juaj t\u00eb rishikoni periodikisht k\u00ebt\u00eb politik\u00eb t\u00eb privat\u00ebsis\u00eb dhe t\u00eb jeni t\u00eb vet\u00ebdijsh\u00ebm p\u00ebr modifikimet.<\/p>\n<p><b>Pranimi juaj i k\u00ebtyre kushteve<\/b><\/p>\n<p>Duke p\u00ebrdorur k\u00ebt\u00eb Faqe, ju n\u00ebnkuptoni pranimin tuaj t\u00eb k\u00ebsaj politike. N\u00ebse nuk jeni dakord me k\u00ebt\u00eb politik\u00eb, ju lutemi mos p\u00ebrdorni faqen ton\u00eb. P\u00ebrdorimi i vazhduesh\u00ebm i faqes pas postimit t\u00eb ndryshimeve n\u00eb k\u00ebt\u00eb politik\u00eb do t\u00eb konsiderohet si pranimi juaj i k\u00ebtyre ndryshimeve.<\/p>","protected":false},"excerpt":{"rendered":"<p>Kjo Politik\u00eb e Privat\u00ebsis\u00eb rregullon m\u00ebnyr\u00ebn n\u00eb t\u00eb cil\u00ebn Tema e Real Estate WordPress mbledh, p\u00ebrdor, ruan dhe zbulon informacionin e mbledhur nga p\u00ebrdoruesit (secili, nj\u00eb &quot;P\u00ebrdorues&quot;) i faqes s\u00eb internetit (&quot;Sajti&quot;). Kjo politik\u00eb e privat\u00ebsis\u00eb zbatohet p\u00ebr sitin dhe t\u00eb gjitha produktet dhe sh\u00ebrbimet e ofruara nga Tema e WordPress Real Estate. Informacioni personal i identifikimit Ne mund t\u00eb mbledhim informacion personal identifikimi nga P\u00ebrdoruesit n\u00eb m\u00ebnyra t\u00eb ndryshme n\u00eb lidhje me\u2026<\/p>","protected":false},"author":1,"featured_media":0,"parent":0,"menu_order":0,"comment_status":"closed","ping_status":"closed","template":"terms_conditions.php","meta":{"footnotes":""},"class_list":["post-5275","page","type-page","status-publish","hentry"],"aioseo_notices":[],"_links":{"self":[{"href":"https:\/\/bindrealestate.com\/al\/wp-json\/wp\/v2\/pages\/5275","targetHints":{"allow":["GET"]}}],"collection":[{"href":"https:\/\/bindrealestate.com\/al\/wp-json\/wp\/v2\/pages"}],"about":[{"href":"https:\/\/bindrealestate.com\/al\/wp-json\/wp\/v2\/types\/page"}],"author":[{"embeddable":true,"href":"https:\/\/bindrealestate.com\/al\/wp-json\/wp\/v2\/users\/1"}],"replies":[{"embeddable":true,"href":"https:\/\/bindrealestate.com\/al\/wp-json\/wp\/v2\/comments?post=5275"}],"version-history":[{"count":0,"href":"https:\/\/bindrealestate.com\/al\/wp-json\/wp\/v2\/pages\/5275\/revisions"}],"wp:attachment":[{"href":"https:\/\/bindrealestate.com\/al\/wp-json\/wp\/v2\/media?parent=5275"}],"curies":[{"name":"wp","href":"https:\/\/api.w.org\/{rel}","templated":true}]}}