{"id":24264,"date":"2025-04-07T20:23:10","date_gmt":"2025-04-07T20:23:10","guid":{"rendered":"https:\/\/bindrealestate.com\/?page_id=24264"},"modified":"2025-04-07T20:25:18","modified_gmt":"2025-04-07T20:25:18","slug":"blog","status":"publish","type":"page","link":"https:\/\/bindrealestate.com\/al\/blog\/","title":{"rendered":"Blog"},"content":{"rendered":"<div data-elementor-type=\"wp-page\" data-elementor-id=\"24264\" class=\"elementor elementor-24264\">\n\t\t\t\t\t\t<section class=\"elementor-section elementor-top-section elementor-element elementor-element-7ec8f40 elementor-section-boxed elementor-section-height-default elementor-section-height-default\" data-id=\"7ec8f40\" data-element_type=\"section\">\n\t\t\t\t\t\t<div class=\"elementor-container elementor-column-gap-default\">\n\t\t\t\t\t<div class=\"elementor-column elementor-col-100 elementor-top-column elementor-element elementor-element-eb48190\" data-id=\"eb48190\" data-element_type=\"column\">\n\t\t\t<div class=\"elementor-widget-wrap elementor-element-populated\">\n\t\t\t\t\t\t<div class=\"elementor-element elementor-element-06a6e2a elementor-widget elementor-widget-Wpresidence_Blog_Post_List\" data-id=\"06a6e2a\" data-element_type=\"widget\" data-widget_type=\"Wpresidence_Blog_Post_List.default\">\n\t\t\t\t<div class=\"elementor-widget-container\">\n\t\t\t<div class=\"article_container  wpestate_latest_listings_sh bottom-post blogs_wrapper\"  data-category_ids=\"\" data-number=\"9\" data-row-number=\"3\" data-card-version=\"0\" data-sort-by=\"0\"data-page=\"1\" >  \n\n<div  class=\"col-md-4 shortcode-col  listing_wrapper blog3v\"> \n    <div class=\"property_listing_blog\" data-link=\"https:\/\/bindrealestate.com\/al\/2025\/11\/21\/5-red-flags-to-check-before-investing-in-albania\/\">\n        <div class=\"featured_gradient\"><\/div><div class=\"blog_unit_image\" style=\"background-image:url(https:\/\/bindrealestate.com\/wp-content\/uploads\/2025\/11\/things-to-do-in-Tirana-Albania-525x328.jpg);\"><\/div>        \n        \n        <div class=\"blog_unit_content_v3\">\n            <div class=\"blog_unit_meta\">\n                N\u00ebn 21, 2025            <\/div>\n\n            <h4>\n               <a href=\"https:\/\/bindrealestate.com\/al\/2025\/11\/21\/5-red-flags-to-check-before-investing-in-albania\/\" class=\"blog_unit_title\">5 sinjale paralajm\u00ebruese p\u00ebr t&#039;u kontrolluar para se t\u00eb investoni n\u00eb Alb...<\/a> \n            <\/h4>\n            <a class=\"read_more\" href=\"https:\/\/bindrealestate.com\/al\/2025\/11\/21\/5-red-flags-to-check-before-investing-in-albania\/\"> Vazhdo te lexosh<i class=\"fas fa-angle-right\"><\/i> <\/a>\n\n        <\/div>\n            \n    <\/div>          \n<\/div>    \n\n<div  class=\"col-md-4 shortcode-col  listing_wrapper blog3v\"> \n    <div class=\"property_listing_blog\" data-link=\"https:\/\/bindrealestate.com\/al\/2025\/11\/21\/why-foreigners-are-choosing-albania\/\">\n        <div class=\"featured_gradient\"><\/div><div class=\"blog_unit_image\" style=\"background-image:url(https:\/\/bindrealestate.com\/wp-content\/uploads\/2025\/11\/generated-image-2025-11-13-7-525x328.png);\"><\/div>        \n        \n        <div class=\"blog_unit_content_v3\">\n            <div class=\"blog_unit_meta\">\n                N\u00ebn 21, 2025            <\/div>\n\n            <h4>\n               <a href=\"https:\/\/bindrealestate.com\/al\/2025\/11\/21\/why-foreigners-are-choosing-albania\/\" class=\"blog_unit_title\">Pse t\u00eb huajt po zgjedhin Shqip\u00ebrin\u00eb?<\/a> \n            <\/h4>\n            <a class=\"read_more\" href=\"https:\/\/bindrealestate.com\/al\/2025\/11\/21\/why-foreigners-are-choosing-albania\/\"> Vazhdo te lexosh<i class=\"fas fa-angle-right\"><\/i> <\/a>\n\n        <\/div>\n            \n    <\/div>          \n<\/div>    \n\n<div  class=\"col-md-4 shortcode-col  listing_wrapper blog3v\"> \n    <div class=\"property_listing_blog\" data-link=\"https:\/\/bindrealestate.com\/al\/2025\/08\/18\/got-questions-about-albania-lets-talk-%f0%9f%87%a6\/\">\n        <div class=\"featured_gradient\"><\/div><div class=\"blog_unit_image\" style=\"background-image:url(https:\/\/bindrealestate.com\/wp-content\/uploads\/2025\/08\/8-525x328.jpg);\"><\/div>        \n        \n        <div class=\"blog_unit_content_v3\">\n            <div class=\"blog_unit_meta\">\n                Gus 18, 2025            <\/div>\n\n            <h4>\n               <a href=\"https:\/\/bindrealestate.com\/al\/2025\/08\/18\/got-questions-about-albania-lets-talk-%f0%9f%87%a6\/\" class=\"blog_unit_title\">Ke pyetje rreth Shqip\u00ebris\u00eb? Le t\u00eb flasim.<\/a> \n            <\/h4>\n            <a class=\"read_more\" href=\"https:\/\/bindrealestate.com\/al\/2025\/08\/18\/got-questions-about-albania-lets-talk-%f0%9f%87%a6\/\"> Vazhdo te lexosh<i class=\"fas fa-angle-right\"><\/i> <\/a>\n\n        <\/div>\n            \n    <\/div>          \n<\/div>    \n\n<div  class=\"col-md-4 shortcode-col  listing_wrapper blog3v\"> \n    <div class=\"property_listing_blog\" data-link=\"https:\/\/bindrealestate.com\/al\/2025\/06\/05\/why-you-should-invest-in-albania\/\">\n        <div class=\"featured_gradient\"><\/div><div class=\"blog_unit_image\" style=\"background-image:url(https:\/\/bindrealestate.com\/wp-content\/uploads\/2025\/06\/4-525x328.jpg);\"><\/div>        \n        \n        <div class=\"blog_unit_content_v3\">\n            <div class=\"blog_unit_meta\">\n                Qer 05, 2025            <\/div>\n\n            <h4>\n               <a href=\"https:\/\/bindrealestate.com\/al\/2025\/06\/05\/why-you-should-invest-in-albania\/\" class=\"blog_unit_title\">Pse duhet t\u00eb investoni n\u00eb Shqip\u00ebri?<\/a> \n            <\/h4>\n            <a class=\"read_more\" href=\"https:\/\/bindrealestate.com\/al\/2025\/06\/05\/why-you-should-invest-in-albania\/\"> Vazhdo te lexosh<i class=\"fas fa-angle-right\"><\/i> <\/a>\n\n        <\/div>\n            \n    <\/div>          \n<\/div>    \n\n<div  class=\"col-md-4 shortcode-col  listing_wrapper blog3v\"> \n    <div class=\"property_listing_blog\" data-link=\"https:\/\/bindrealestate.com\/al\/2025\/06\/05\/why-you-should-outsource-to-albania\/\">\n        <div class=\"featured_gradient\"><\/div><div class=\"blog_unit_image\" style=\"background-image:url(https:\/\/bindrealestate.com\/wp-content\/uploads\/2025\/06\/2-525x328.jpg);\"><\/div>        \n        \n        <div class=\"blog_unit_content_v3\">\n            <div class=\"blog_unit_meta\">\n                Qer 05, 2025            <\/div>\n\n            <h4>\n               <a href=\"https:\/\/bindrealestate.com\/al\/2025\/06\/05\/why-you-should-outsource-to-albania\/\" class=\"blog_unit_title\">Pse duhet t\u00eb kryeni sh\u00ebrbime t\u00eb jashtme n\u00eb Shqip\u00ebri?<\/a> \n            <\/h4>\n            <a class=\"read_more\" href=\"https:\/\/bindrealestate.com\/al\/2025\/06\/05\/why-you-should-outsource-to-albania\/\"> Vazhdo te lexosh<i class=\"fas fa-angle-right\"><\/i> <\/a>\n\n        <\/div>\n            \n    <\/div>          \n<\/div>    \n\n<div  class=\"col-md-4 shortcode-col  listing_wrapper blog3v\"> \n    <div class=\"property_listing_blog\" data-link=\"https:\/\/bindrealestate.com\/al\/2025\/04\/07\/what-foreigners-should-know-before-buying-property-in-tirana\/\">\n        <div class=\"featured_gradient\"><\/div><div class=\"blog_unit_image\" style=\"background-image:url(https:\/\/bindrealestate.com\/wp-content\/uploads\/2024\/07\/Screenshot-2024-07-30-at-10.38.24-525x328.png);\"><\/div>        \n        \n        <div class=\"blog_unit_content_v3\">\n            <div class=\"blog_unit_meta\">\n                M\u00eb 07, 2025            <\/div>\n\n            <h4>\n               <a href=\"https:\/\/bindrealestate.com\/al\/2025\/04\/07\/what-foreigners-should-know-before-buying-property-in-tirana\/\" class=\"blog_unit_title\">\u00c7far\u00eb duhet t\u00eb din\u00eb t\u00eb huajt p\u00ebrpara se t\u00eb blejn\u00eb nj\u00eb...<\/a> \n            <\/h4>\n            <a class=\"read_more\" href=\"https:\/\/bindrealestate.com\/al\/2025\/04\/07\/what-foreigners-should-know-before-buying-property-in-tirana\/\"> Vazhdo te lexosh<i class=\"fas fa-angle-right\"><\/i> <\/a>\n\n        <\/div>\n            \n    <\/div>          \n<\/div>    \n\n<div  class=\"col-md-4 shortcode-col  listing_wrapper blog3v\"> \n    <div class=\"property_listing_blog\" data-link=\"https:\/\/bindrealestate.com\/al\/2025\/04\/07\/is-now-the-right-time-to-buy-an-apartment-in-tirana\/\">\n        <div class=\"featured_gradient\"><\/div><div class=\"blog_unit_image\" style=\"background-image:url(https:\/\/bindrealestate.com\/wp-content\/uploads\/2024\/04\/a6460f6a-1d11-4aa1-9391-251780c030fa-525x328.jpg);\"><\/div>        \n        \n        <div class=\"blog_unit_content_v3\">\n            <div class=\"blog_unit_meta\">\n                M\u00eb 07, 2025            <\/div>\n\n            <h4>\n               <a href=\"https:\/\/bindrealestate.com\/al\/2025\/04\/07\/is-now-the-right-time-to-buy-an-apartment-in-tirana\/\" class=\"blog_unit_title\">\u00cbsht\u00eb koha e duhur p\u00ebr t\u00eb bler\u00eb nj\u00eb apartament n\u00eb...<\/a> \n            <\/h4>\n            <a class=\"read_more\" href=\"https:\/\/bindrealestate.com\/al\/2025\/04\/07\/is-now-the-right-time-to-buy-an-apartment-in-tirana\/\"> Vazhdo te lexosh<i class=\"fas fa-angle-right\"><\/i> <\/a>\n\n        <\/div>\n            \n    <\/div>          \n<\/div>    \n\n<div  class=\"col-md-4 shortcode-col  listing_wrapper blog3v\"> \n    <div class=\"property_listing_blog\" data-link=\"https:\/\/bindrealestate.com\/al\/2025\/04\/07\/top-5-neighborhoods-to-live-in-tirana-in-2025\/\">\n        <div class=\"featured_gradient\"><\/div><div class=\"blog_unit_image\" style=\"background-image:url(https:\/\/bindrealestate.com\/wp-content\/uploads\/2025\/03\/RF_3881-min-scaled-1-525x328.webp);\"><\/div>        \n        \n        <div class=\"blog_unit_content_v3\">\n            <div class=\"blog_unit_meta\">\n                M\u00eb 07, 2025            <\/div>\n\n            <h4>\n               <a href=\"https:\/\/bindrealestate.com\/al\/2025\/04\/07\/top-5-neighborhoods-to-live-in-tirana-in-2025\/\" class=\"blog_unit_title\">Top 5 lagjet p\u00ebr t\u00eb jetuar n\u00eb Tiran\u00eb n\u00eb 202...<\/a> \n            <\/h4>\n            <a class=\"read_more\" href=\"https:\/\/bindrealestate.com\/al\/2025\/04\/07\/top-5-neighborhoods-to-live-in-tirana-in-2025\/\"> Vazhdo te lexosh<i class=\"fas fa-angle-right\"><\/i> <\/a>\n\n        <\/div>\n            \n    <\/div>          \n<\/div>    \n\n<div  class=\"col-md-4 shortcode-col  listing_wrapper blog3v\"> \n    <div class=\"property_listing_blog\" data-link=\"https:\/\/bindrealestate.com\/al\/2025\/04\/07\/why-invest-in-tirana-real-estate-in-2025-a-hidden-gem-in-the-balkans\/\">\n        <div class=\"featured_gradient\"><\/div><div class=\"blog_unit_image\" style=\"background-image:url(https:\/\/bindrealestate.com\/wp-content\/uploads\/2024\/07\/faqja-kryesore-2-scaled-4-525x328.jpg);\"><\/div>        \n        \n        <div class=\"blog_unit_content_v3\">\n            <div class=\"blog_unit_meta\">\n                M\u00eb 07, 2025            <\/div>\n\n            <h4>\n               <a href=\"https:\/\/bindrealestate.com\/al\/2025\/04\/07\/why-invest-in-tirana-real-estate-in-2025-a-hidden-gem-in-the-balkans\/\" class=\"blog_unit_title\">Pse t\u00eb investoni n\u00eb Tirana Real Estate n\u00eb 2025: Nj\u00eb...<\/a> \n            <\/h4>\n            <a class=\"read_more\" href=\"https:\/\/bindrealestate.com\/al\/2025\/04\/07\/why-invest-in-tirana-real-estate-in-2025-a-hidden-gem-in-the-balkans\/\"> Vazhdo te lexosh<i class=\"fas fa-angle-right\"><\/i> <\/a>\n\n        <\/div>\n            \n    <\/div>          \n<\/div>  <div class=\"wpestate_listing_sh_loader\">\n           <div class=\"new_prelader\"><\/div>\n        <\/div><div class=\"listinglink-wrapper_sh_listings\">\n        <span class=\"wpresidence_button wpestate_item_list_sh blog_list_loader\">  ngarkoni artikuj <\/span>\n        <\/div><\/div>\t\t<\/div>\n\t\t\t\t<\/div>\n\t\t\t\t\t<\/div>\n\t\t<\/div>\n\t\t\t\t\t<\/div>\n\t\t<\/section>\n\t\t\t\t<\/div>","protected":false},"excerpt":{"rendered":"<p>Prill 29, 2024 Apartament n\u00eb shitje Vazhdo leximin Prill 29, 2024 Apartament ne shitje n\u00eb krah t\u00eb Spitalit Ame\u2026 Vazhdo leximin Mar 04, 2016 Manhattan Apartments Vazhdo leximin Maj 28, 2014 Blerja e nj\u00eb sht\u00ebpie Vazhdo leximin Maj 27, 2014 Leximi Maj 27, 2014 Lexo m\u00eb shum\u00eb. Videoja e vitit 2014 n\u00eb rr\u00ebshqit\u00ebs Vazhdo leximin 27 maj 2014 Imazhet n\u00eb postim Vazhdo leximin 27 maj 2014\u2026<\/p>","protected":false},"author":1,"featured_media":0,"parent":0,"menu_order":0,"comment_status":"closed","ping_status":"closed","template":"elementor_header_footer","meta":{"footnotes":""},"class_list":["post-24264","page","type-page","status-publish","hentry"],"aioseo_notices":[],"_links":{"self":[{"href":"https:\/\/bindrealestate.com\/al\/wp-json\/wp\/v2\/pages\/24264","targetHints":{"allow":["GET"]}}],"collection":[{"href":"https:\/\/bindrealestate.com\/al\/wp-json\/wp\/v2\/pages"}],"about":[{"href":"https:\/\/bindrealestate.com\/al\/wp-json\/wp\/v2\/types\/page"}],"author":[{"embeddable":true,"href":"https:\/\/bindrealestate.com\/al\/wp-json\/wp\/v2\/users\/1"}],"replies":[{"embeddable":true,"href":"https:\/\/bindrealestate.com\/al\/wp-json\/wp\/v2\/comments?post=24264"}],"version-history":[{"count":7,"href":"https:\/\/bindrealestate.com\/al\/wp-json\/wp\/v2\/pages\/24264\/revisions"}],"predecessor-version":[{"id":24271,"href":"https:\/\/bindrealestate.com\/al\/wp-json\/wp\/v2\/pages\/24264\/revisions\/24271"}],"wp:attachment":[{"href":"https:\/\/bindrealestate.com\/al\/wp-json\/wp\/v2\/media?parent=24264"}],"curies":[{"name":"wp","href":"https:\/\/api.w.org\/{rel}","templated":true}]}}